{"id":3264,"date":"2024-04-02T10:58:01","date_gmt":"2024-04-02T08:58:01","guid":{"rendered":"https:\/\/cartierecarrara.com\/privacy-policy\/"},"modified":"2024-06-06T12:01:30","modified_gmt":"2024-06-06T10:01:30","slug":"privacy-policy","status":"publish","type":"page","link":"https:\/\/cartierecarrara.com\/en\/privacy-policy\/","title":{"rendered":"Privacy Policy"},"content":{"rendered":"\t\t<div data-elementor-type=\"wp-page\" data-elementor-id=\"3264\" class=\"elementor elementor-3264 elementor-3\" data-elementor-post-type=\"page\">\n\t\t\t\t<div class=\"elementor-element elementor-element-26915fbe e-flex e-con-boxed e-con e-parent\" data-id=\"26915fbe\" data-element_type=\"container\" data-e-type=\"container\">\n\t\t\t\t\t<div class=\"e-con-inner\">\n\t\t\t\t<div class=\"elementor-element elementor-element-2c3c210 elementor-widget elementor-widget-heading\" data-id=\"2c3c210\" data-element_type=\"widget\" data-e-type=\"widget\" data-widget_type=\"heading.default\">\n\t\t\t\t<div class=\"elementor-widget-container\">\n\t\t\t\t\t<h1 class=\"elementor-heading-title elementor-size-default\">Privacy Policy<\/h1>\t\t\t\t<\/div>\n\t\t\t\t<\/div>\n\t\t\t\t<div class=\"elementor-element elementor-element-63992e04 elementor-widget elementor-widget-text-editor\" data-id=\"63992e04\" data-element_type=\"widget\" data-e-type=\"widget\" data-widget_type=\"text-editor.default\">\n\t\t\t\t<div class=\"elementor-widget-container\">\n\t\t\t\t\t\t\t\t\t\n<p><b>INFORMATIVA SUL TRATTAMENTO DEI DATI PERSONALI<br><\/b><b>degli utenti che consultano il sito web www.cartierecarrara.com<\/b><\/p>\n<p>Art. 13 del Regolamento (UE) 2016\/679<\/p>\n<p>Ultimo aggiornamento: 05\/2022<\/p>\n<p><b>Premessa<\/b><br>Ai sensi del Regolamento UE 2016\/679 (di seguito anche \u201cGDPR\u201d) e della normativa nazionale (D.Lgs. 196\/2003, cos\u00ec come modificata dal D.Lgs. 101\/2018), questa pagina descrive le modalit\u00e0 di trattamento dei dati personali dell\u2019utente che consultano il sito web accessibile per via telematica all\u2019indirizzo www.cartierecarrara.com (di seguito anche il \u201cSito\u201d)<br>Le presenti informazioni non riguardano altri siti, pagine o servizi on line raggiungibili tramite link ipertestuali eventualmente pubblicati nel sito, i quali seppur riferiti a brand riconducibili alle aree di business di Cartiere Carrara S.p.A., la quale ne ha il controllo e la responsabilit\u00e0 per quanto riguarda il contenuto, sono disciplinati separatamente.<\/p>\n<p><b>Titolare del trattamento<br><\/b>Titolare del trattamento dei dati relativi a persone fisiche identificate o identificabili che possono essere trattati a seguito della consultazione del Sito \u00e8 Cartiere Carrara S.p.A. (di seguito anche \u201cCartiere Carrara\u201d o il \u201cTitolare\u201d), con sede legale in Viale Spartaco Lavagnini, n. 41, 50129 Firenze e sede Uffici Direzionali in Via Tazio Nuvolari, n. 18\/A, 55061 Capannori (Lucca) \u2013 email: info@cartierecarrara.com \u2013 Pec: amministrazione@pec.cartierecarrara.com \u2013 Tel. +39 0583985101.<\/p>\n<p><b>Responsabile della protezione dei dati personali<br><\/b>Il Responsabile della protezione dei dati personali \u00e8 raggiungibile al seguente indirizzo: Cartiere Carrara S.p.A. c.a. Responsabile della protezione dei dati, Via Tazio Nuvolari, 18\/A, 55061 Capannori (Lucca) \u2013 email: dpo@cartierecarrara.com<\/p>\n<p><b>Finalit\u00e0 e base giuridica del trattamento. Periodo di conservazione dei dati personali<br><\/b>Cartiere Carrara tratter\u00e0 i dati personali degli utenti che consultano il Sito per le seguenti finalit\u00e0 e sulle seguenti basi legali:<\/p>\n<p><b>a) <i>Per dare riscontro alle richieste di informazioni sui prodotti degli utenti<\/i><br><\/b>Cartiere Carrara, per tale finalit\u00e0, tratter\u00e0 i seguenti dati personali che riguardano l\u2019utente: nome, cognome, email, telefono, citt\u00e0 .<br>La base giuridica di questo trattamento \u00e8 l\u2019esecuzione di misure precontrattuali adottate su richiesta dell\u2019interessato (art. 6.1.b GDPR).<br>Il conferimento dei dati personali per tale finalit\u00e0 \u00e8 facoltativo, tuttavia, considerata la finalit\u00e0, la mancata comunicazione dei dati personali, non potr\u00e0 consentire al Titolare di rispondere alla richiesta dell\u2019utente.<br>Per tale finalit\u00e0, Cartiere Carrara tratter\u00e0 i dati personali dell\u2019utente per il tempo strettamente necessario per la gestione delle attivit\u00e0 di riscontro alle richieste di informazioni e comunque per un tempo non superiore a 15 giorni dall\u2019ultimo contatto con l\u2019utente, al termine del quale i dati saranno cancellati.<\/p>\n<p><i><b>b) Per dare riscontro alle segnalazioni sui prodotti<br><\/b><\/i>Per tale finalit\u00e0, il Titolare del trattamento tratter\u00e0 i seguenti dati personali: nome, cognome, email, telefono, citt\u00e0 .<br>La base giuridica di questo trattamento \u00e8 il legittimo interesse (art. 6.1.f GDPR) del Titolare alla gestione della pratica di segnalazione sui prodotti provenienti dagli utenti. Costituisce legittimo interesse di Cartiere Carrara gestire le segnalazioni degli utenti del Sito, al fine di poter effettuare le conseguenti verifiche sui prodotti segnalati. Il legittimo interesse cos\u00ec individuato pu\u00f2 ritenersi prevalente sui diritti e le libert\u00e0 fondamentali dell\u2019interessato, anche in ragioni di tali ragionevoli aspettative.<br>L\u2019utente ha, in ogni caso, il diritto di opporsi al trattamento dei dati personali che lo riguardano per tale finalit\u00e0, in qualsiasi momento, per motivi connessi alla sua situazione personale. Per esercitare tale diritto, l\u2019utente pu\u00f2 scrivere a dpo@cartierecarrara.com oppure a Cartiere Carrara S.p.A. \u2013 c.a. Responsabile della protezione dei dati, Via Tazio Nuvolari, n. 18\/A, 55012 Capannori (Lucca).<br>Il conferimento dei dati personali per tale finalit\u00e0 \u00e8 facoltativo, tuttavia, considerata la finalit\u00e0, la mancata comunicazione dei dati personali, non potr\u00e0 consentire al Titolare di gestire le segnalazioni dell\u2019utente.<br>Per tale finalit\u00e0 il Titolare tratter\u00e0 i dati personali dell\u2019utente per il tempo strettamente necessario per la gestione delle segnalazioni e comunque per un tempo non superiore a 2 mesi dall\u2019ultimo contatto con l\u2019utente, al termine del quale saranno cancellati, salvo contenzioso.<\/p>\n<p><i><b>c) Per la selezione dei candidati che inviano la propria candidatura spontanea tramite il form \u201cInvia la tua candidatura spontanea\u201d<br><\/b><\/i>I dati forniti dall\u2019utente nell\u2019invio della propria candidatura spontanea saranno trattati da Cartiere Carrara unicamente per la gestione della procedura di selezione di nuovi dipendenti e\/o collaboratori.<br>Per tale finalit\u00e0 il Titolare tratter\u00e0 i seguenti dati personali: nome, cognome, email, dati contenuti nel curriculum.<br>La base giuridica del trattamento \u00e8 l\u2019esecuzione di misure precontrattuali adottate su richiesta dell\u2019interessato (art. 6.1.b GDPR).<br>Il conferimento dei dati personali \u00e8 facoltativo, ma considerata la finalit\u00e0 del trattamento, la mancata comunicazione degli stessi, comporter\u00e0 l\u2019impossibilit\u00e0 per il Titolare di gestire il processo di selezione del\/della candidato\/a.<br>Per tale finalit\u00e0, i dati personali dei candidati saranno conservati per un periodo massimo di 24 mesi dall\u2019invio della candidatura o dall\u2019ultimo aggiornamento del profilo curriculare.<\/p>\n<p><b>Modalit\u00e0 del trattamento<br><\/b>In relazione alle finalit\u00e0 descritte nel precedente paragrafo, il trattamento dei dati personali avviene mediante strumenti elettronici, senza l\u2019utilizzo di processi decisionali automatizzati, n\u00e9 di profilazione.<\/p>\n<p><b>Tipologia dei dati trattati<br><\/b>Oltre a quanto indicati nei precedenti paragrafi della presente informativa, i dati personali che possono essere trattati attraverso il Sito sono i seguenti:<\/p>\n<p><b><i>Dati di navigazione<br><\/i><\/b>I sistemi informatici e le procedure software preposte al funzionamento del Sito acquisiscono, nel corso del loro normale esercizio, alcuni Dati Personali la cui trasmissione \u00e8 implicita nell\u2019uso dei protocolli di comunicazione di Internet. In questa categoria rientrano gli indirizzi IP o i nomi a dominio dei computer utilizzati dagli utenti che si connettono al Sito, gli indirizzi in notazione URI (Uniform Resource Identifier) delle risorse richieste, l\u2019orario della richiesta, il metodo utilizzato nel sottoporre la richiesta al server, la dimensione del file ottenuto in risposta, il codice numerico indicante lo stato della risposta data dal server (buon fine, errore, etc.) ed altri parametri relativi al sistema operativo e all\u2019ambiente informatico dell\u2019utente.<br>Tali dati, necessari per la fruizione dei servizi web, vengono anche trattati allo scopo di:<br>\u2013 ricavare informazioni statistiche anonime sull\u2019uso del Sito<br>\u2013 per controllare il corretto funzionamento dei servizi offerti.<br><b><i><br>Cookie<\/i><\/b><br>I \u201ccookie\u201d sono piccoli file di testo che i siti web (cd. Publisher o \u201cprime parti\u201d) visitati dall\u2019utente ovvero siti o web server diversi (cd. \u201cterze parti\u201d) posizionano ed archiviano \u2013 direttamente, nel caso dei publisher ed indirettamente, cio\u00e8 per il tramite di questi ultimi, nel caso delle \u201cterze parti\u201d \u2013 all\u2019interno di un dispositivo terminale (computer, tablet, smartphone, ovvero ogni altro dispositivo in grado di archiviare informazioni) nella disponibilit\u00e0 dell\u2019utente medesimo.<br>I software per la navigazione in internet ed il funzionamento di questi dispositivi, ad esempio i browser, possono memorizzare i cookie e poi trasmetterli nuovamente ai siti che li hanno generati in occasione di una successiva visita del medesimo utente, mantenendo cos\u00ec memoria della sua precedente interazione con uno o pi\u00f9 siti web.<br>Le informazioni codificate nei cookie possono includere dati personali, come indirizzo IP, un nome utente, un identificativo univoco o un indirizzo e-mail, ma possono anche contenere dati non personali, come le impostazioni della lingua o informazioni sul tipo di dispositivo che una persona sta utilizzando per navigare nel sito.<br>I cookie, dunque, possono svolgere diverse ed importanti funzioni, tra cui il monitoraggio di sessioni, la memorizzazione di informazioni su specifiche configurazioni riguardanti gli utenti che accedono al server, l\u2019agevolazione nella fruizione dei contenuti on line, etc.<br>I cookie possono avere caratteristiche diverse sotto il profilo temporale e, quindi, essere considerati in base alla loro durata (di sessione o permanenti), ovvero dal punto di vista soggettivo (a seconda che il publisher agisca autonomamente o per conto di \u201cterze parti\u201d)<br>Tuttavia, secondo le Linee Guida cookie e altri strumenti di tracciamento del Garante per la protezione dei dati personali del 10 giugno 2021, la classificazione, che risponde alle esigenze di tutela della persona ed alla ratio della disciplina di legge, si basa su due macro categorie:<br>\u2013 <b>cookie tecnici<\/b>, utilizzati al sol fine di effettuare la trasmissione di una comunicazione su una rete di comunicazione elettronica, o nella misura strettamente necessaria al fornitore di un servizio della societ\u00e0 dell\u2019informazione esplicitamente richiesto dal contraente o dall\u2019utente a erogare un servizio. In altre parole, si tratta di cookie indispensabili per il funzionamento del sito o necessari per eseguire attivit\u00e0 richieste dall\u2019utente. I cookie tecnici non richiedono l\u2019acquisizione del consenso . Sono equiparabili ai cookie tecnici, i cookie analytics, laddove vengono utilizzati unicamente per produrre statistiche aggregate ed in relazione ad un singolo sito o ad una sola applicazione mobile; viene mascherata, per quelli di terze parti, almeno la quarta componente dell\u2019indirizzo IP; le terze parti si astengono dal combinare i cookie analytics, cos\u00ec minimizzati, con altre elaborazioni (file dei clienti o statistiche di visite ad altri siti, ad esempio) o dal trasmetterli ad ulteriori terzi. A queste condizioni, per i cookie analytics valgono le stesse regole, in tema di consenso, previste per i cookie tecnici.<br>\u2013 <b>cookie di profilazione<\/b> utilizzati per ricondurre a soggetti determinati identificati o identificabili, specifiche azioni o schemi comportamentali ricorrenti nell\u2019uso delle funzionalit\u00e0 offerte al fine del raggruppamento dei diversi profili all\u2019interno di cluster omogenei di diversa ampiezza, in modo che sia possibile anche modulare la fornitura del servizio in modo sempre pi\u00f9 personalizzato, nonch\u00e9 inviare messaggi pubblicitari mirati, cio\u00e8 in linea con le preferenze manifestate dall\u2019utente nell\u2019ambito della navigazione in rete. In altre parole, sono cookie utilizzati per tracciare la navigazione dell\u2019utente in rete e creare profili sui suoi gusti, abitudini, scelte, etc., nonch\u00e9 per trasmettere la terminale dell\u2019utente messaggi pubblicitari in linea con le preferenze gi\u00e0 manifestate dallo stesso utente nella navigazione on line. I cookie di profilazione possono essere installati sul terminale dell\u2019utente soltanto se questo abbia espresso il proprio consenso.<br>Questo Sito utilizza cookie tecnici e di profilazione. Con riferimento ai cookie di profilazione, si precisa che, solo previo consenso dell\u2019utente, i Sito tratter\u00e0 i dati personali per:<br>\u2013 consentire al sito di ricordare le informazioni che influenzano il modo in cui lo stesso si comporta o si presenta;<br>\u2013 aiutare i proprietari del Sito web a capire come i visitatori interagiscono con i siti;<br>\u2013 monitorare i visitatori del Sito con l\u2019intento di visualizzare annunci pertinenti e coinvolgenti per singolo utente.<br>Per ogni ulteriore informazione sui cookie, nonch\u00e9 sulle procedure per prestare il consenso all\u2019installazione dei cookie ovvero per rimuovere i cookie \u2013 ad eccezione di quelli tecnici \u2013 si invita l\u2019utente a consultare la <a href=\"https:\/\/cartierecarrara.com\/cookie-policy\/\">cookie policy<\/a> presente nel footer del Sito.<\/p>\n<p><b>Destinatari dei dati personali<br><\/b>I soggetti a cui il Titolare comunica i dati agiscono in qualit\u00e0 di Responsabili del trattamento designati ai sensi dell\u2019art. 28 GDPR, ovvero nel caso di terzi di cui il Responsabile del trattamento si avvalga, in qualit\u00e0 di sub-responsabili ai sensi dell\u2019art. 28.4 GDPR, oppure in qualit\u00e0 di soggetti autorizzati al trattamento nel caso di soggetti sotto l\u2019autorit\u00e0 diretta del Titolare.<\/p>\n<p>In particolare, i dati personali dell\u2019utente possono essere comunicati da Cartiere Carrara alle categorie di destinatari di seguito indicati:<br>\u2013 soggetti incaricati dell\u2019erogazione dei Servizi (ad es. hosting provider o fornitore di piattaforme di posta elettronica)<br>\u2013 soggetti autorizzati ad effettuare la manutenzione tecnica<br>\u2013 Enti o Autorit\u00e0 a cui sia obbligatorio comunicare i dati personali dell\u2019utente in forza di disposizioni di legge o di ordini delle autorit\u00e0.<br>Tali soggetti sono definiti collettivamente \u201cDestinatari\u201d.<br>L\u2019elenco completo del Responsabili del trattamento e dei sub-responsabili \u00e8 disponibile inviando una richiesta scritta ai Titolare ai seguenti recapiti: Cartiere Carrara S.p.A., Uffici Direzionali, Via Tazio Nuvolari, n. 18\/A, 55061 Capannori (Lucca) \u2013 email: info@cartierecarrara.com \u2013 Pec: amministrazione@pec.cartierecarrara.com<\/p>\n<p><b>Sicurezza dei dati<br><\/b>Al fine di proteggere i dati personali degli utenti da accessi non autorizzati, divulgazioni e\/o alterazioni, sono state implementate misure di sicurezza sia tecniche che organizzative.<br>Tali misure vengono periodicamente adattate nel tentativo di offrire sempre un elevato livello di sicurezza. A tal fine, alcune informazioni riguardanti gli utenti saranno memorizzate presso il data center \u201cWind Tre Datacenter Spa\u201d geolocalizzato in Via di Tor Cervara \u2013 Roma (Italia). Il Titolare non trasferisce i dati personali degli utenti verso paesi esteri o organizzazioni internazionali<\/p>\n<p><b>Diritti degli interessati<br><\/b>Gli interessati hanno il diritto di ottenere dal Titolare, nei casi previsti, l\u2019accesso ai propri dati personali, la rettifica, la cancellazione degli stessi, la limitazione del trattamento che li riguarda, la portabilit\u00e0, nonch\u00e9 il diritto di opporsi al trattamento (articoli 15 e ss. GDPR).<br>In sostanza l\u2019utente, in ogni momento, a titolo gratuito, senza oneri e formalit\u00e0 particolari per la richiesta, pu\u00f2:<br>\u2013 ottenere conferma del trattamento operato dal Titolare;<br>\u2013 accedere ai suoi dati personali e conoscerne l\u2019origine, le finalit\u00e0 e gli scopi del trattamento, i dati dei soggetti a cui essi sono comunicati, il periodo di conservazione dei dati o i criteri utili per determinarlo;<br>\u2013 aggiornare o rettificare i dati personali in modo che siano sempre esatti e accurati;<br>\u2013 cancellare i tuoi dati personali dalle banche dati e\/o dagli archivi anche di backup nel caso, tra gli altri, in cui non siano pi\u00f9 necessari per le finalit\u00e0 del trattamento o se questo si assume come illecito, e sempre se ne sussistano le condizioni previste per legge; e comunque se il trattamento non sia giustificato da un altro motivo ugualmente legittimo;<br>\u2013 limitare il trattamento dei dati personali in talune circostanze. L\u2019interessato che ha ottenuto la limitazione sar\u00e0 informato dal Titolare prima che detta limitazione sia revocata.<br>L\u2019istanza al Titolare \u00e8 presentata contattando il Responsabile della protezione dei dati presso Cartiere Carrara (Cartiere Carrara S.p.A. \u2013 c.a. Responsabile della protezione dei dati, Via Tazio Nuvolari, 18\/A, 55061 Capannori (Lucca) \u2013 email: dpo@cartierecarrara.com)<\/p>\n<p><b>Diritto di opposizione<br><\/b>L\u2019interessato ha il diritto di opporsi in qualsiasi momento, per motivi connessi alla sua situazione particolare, al trattamento dei dati personali che lo riguardano ai sensi dell\u2019art. 6, paragrafo 1, lettere e) e f) GDPR, compresa la profilazione sulla base di tali disposizioni. Il Titolare del trattamento si astiene dal trattare ulteriormente i dati personali salvo che egli dimostri l\u2019esistenza di motivi legittimi cogenti per procedere al trattamento che prevalgano sugli interessi, sui diritti e sulle libert\u00e0 dell\u2019interessato oppure per l\u2019accertamento, l\u2019esercizio o la difesa di un diritto in sede giudiziaria.<br>L\u2019interessato potr\u00e0 esercitare il proprio diritto di opposizione contattando il Responsabile della protezione dei dati presso Cartiere Carrara (Cartiere Carrara S.p.A. \u2013 c.a. Responsabile della protezione dei dati, Via Tazio Nuvolari, 18\/A, 55061 Capannori (Lucca) \u2013 email: dpo@cartierecarrara.com).<\/p>\n<p><b>Diritto di reclamo<br><\/b>L\u2019interessato che ritenga che il trattamento dei suoi dati personali effettuato attraverso questo sito avvenga in violazione di quanto previsto dal GDPR, ai sensi dell\u2019art. 77 del GDPR e artt. da 140-bis a 143 del Codice in materia di protezione dei dati personali, recante disposizioni per l\u2019adeguamento dell\u2019ordinamento nazionale al Regolamento, ha il diritto di proporre reclamo al Garante per la protezione dei dati personali.<br>Il reclamante potr\u00e0 far pervenire l\u2019atto utilizzando la modalit\u00e0 ritenute pi\u00f9 opportune, indicate dettagliatamente nel sito istituzionale dell\u2019Autorit\u00e0 Garante.<\/p>\n<p><b>Modifiche alla presente informativa<br><\/b>Si ricorda che la presente Informativa sulla privacy \u00e8 passibile di modifiche periodiche volte a migliorare la protezione dei dati personali degli utenti. In caso di modifiche, provvederemo ad aggiornare la \u201cdata di ultima modifica\u201d, per indicare quando le stesse sono entrate in vigore.<br>Si consiglia agli utenti di verificare periodicamente la presente Informativa sulla privacy.<\/p>\n\t\t\t\t\t\t\t\t<\/div>\n\t\t\t\t<\/div>\n\t\t\t\t\t<\/div>\n\t\t\t\t<\/div>\n\t\t\t\t<\/div>\n\t\t","protected":false},"excerpt":{"rendered":"<p>Privacy Policy INFORMATIVA SUL TRATTAMENTO DEI DATI PERSONALIdegli utenti che consultano il sito web www.cartierecarrara.com Art. 13 del Regolamento (UE) 2016\/679 Ultimo aggiornamento: 05\/2022 PremessaAi sensi del Regolamento UE 2016\/679 (di seguito anche \u201cGDPR\u201d) e della normativa nazionale (D.Lgs. 196\/2003, cos\u00ec come modificata dal D.Lgs. 101\/2018), questa pagina descrive le modalit\u00e0 di trattamento dei dati [&hellip;]<\/p>\n","protected":false},"author":1,"featured_media":0,"parent":0,"menu_order":0,"comment_status":"closed","ping_status":"open","template":"","meta":{"inline_featured_image":false,"footnotes":""},"class_list":["post-3264","page","type-page","status-publish","hentry"],"_links":{"self":[{"href":"https:\/\/cartierecarrara.com\/en\/wp-json\/wp\/v2\/pages\/3264","targetHints":{"allow":["GET"]}}],"collection":[{"href":"https:\/\/cartierecarrara.com\/en\/wp-json\/wp\/v2\/pages"}],"about":[{"href":"https:\/\/cartierecarrara.com\/en\/wp-json\/wp\/v2\/types\/page"}],"author":[{"embeddable":true,"href":"https:\/\/cartierecarrara.com\/en\/wp-json\/wp\/v2\/users\/1"}],"replies":[{"embeddable":true,"href":"https:\/\/cartierecarrara.com\/en\/wp-json\/wp\/v2\/comments?post=3264"}],"version-history":[{"count":4,"href":"https:\/\/cartierecarrara.com\/en\/wp-json\/wp\/v2\/pages\/3264\/revisions"}],"predecessor-version":[{"id":4351,"href":"https:\/\/cartierecarrara.com\/en\/wp-json\/wp\/v2\/pages\/3264\/revisions\/4351"}],"wp:attachment":[{"href":"https:\/\/cartierecarrara.com\/en\/wp-json\/wp\/v2\/media?parent=3264"}],"curies":[{"name":"wp","href":"https:\/\/api.w.org\/{rel}","templated":true}]}}